{"id":204,"date":"2026-01-02T13:29:53","date_gmt":"2026-01-02T13:29:53","guid":{"rendered":"https:\/\/navitec-canarias.com\/?page_id=204"},"modified":"2026-02-26T14:51:23","modified_gmt":"2026-02-26T14:51:23","slug":"grupos-electrogenos","status":"publish","type":"page","link":"https:\/\/navitec-canarias.com\/?page_id=204","title":{"rendered":"Grupos electr\u00f3genos"},"content":{"rendered":"\n<div class=\"wp-block-group alignfull is-style-default has-global-padding is-layout-constrained wp-container-core-group-is-layout-cdf985e3 wp-block-group-is-layout-constrained\" style=\"min-height:100vh;margin-top:0;margin-bottom:0;padding-top:var(--wp--preset--spacing--80);padding-right:var(--wp--preset--spacing--80);padding-bottom:var(--wp--preset--spacing--80);padding-left:var(--wp--preset--spacing--80)\">\n<div class=\"wp-block-columns alignwide are-vertically-aligned-center is-layout-flex wp-container-core-columns-is-layout-643ced6b wp-block-columns-is-layout-flex\">\n<div class=\"wp-block-column is-vertically-aligned-center is-layout-flow wp-block-column-is-layout-flow\">\n<div class=\"wp-block-cover aligncenter\"><img loading=\"lazy\" decoding=\"async\" width=\"2560\" height=\"1920\" class=\"wp-block-cover__image-background wp-image-205\" alt=\"\" src=\"https:\/\/navitec-canarias.com\/wp-content\/uploads\/2026\/01\/GRUPO-ELECTROGENO-1-scaled.jpg\" data-object-fit=\"cover\" srcset=\"https:\/\/navitec-canarias.com\/wp-content\/uploads\/2026\/01\/GRUPO-ELECTROGENO-1-scaled.jpg 2560w, https:\/\/navitec-canarias.com\/wp-content\/uploads\/2026\/01\/GRUPO-ELECTROGENO-1-300x225.jpg 300w, https:\/\/navitec-canarias.com\/wp-content\/uploads\/2026\/01\/GRUPO-ELECTROGENO-1-1024x768.jpg 1024w, https:\/\/navitec-canarias.com\/wp-content\/uploads\/2026\/01\/GRUPO-ELECTROGENO-1-768x576.jpg 768w, https:\/\/navitec-canarias.com\/wp-content\/uploads\/2026\/01\/GRUPO-ELECTROGENO-1-1536x1152.jpg 1536w, https:\/\/navitec-canarias.com\/wp-content\/uploads\/2026\/01\/GRUPO-ELECTROGENO-1-2048x1536.jpg 2048w\" sizes=\"auto, (max-width: 2560px) 100vw, 2560px\" \/><span aria-hidden=\"true\" class=\"wp-block-cover__background has-background-dim\"><\/span><div class=\"wp-block-cover__inner-container is-layout-flow wp-block-cover-is-layout-flow\">\n<p class=\"has-text-align-center has-large-font-size\"><\/p>\n<\/div><\/div>\n<\/div>\n\n\n\n<div class=\"wp-block-column is-vertically-aligned-center is-layout-flow wp-block-column-is-layout-flow\">\n<div class=\"wp-block-group is-vertical is-content-justification-stretch is-layout-flex wp-container-core-group-is-layout-353c4f5a wp-block-group-is-layout-flex\">\n<h2 class=\"wp-block-heading has-text-align-left\">Instalaci\u00f3n, Reparaci\u00f3n y Mantenimiento<\/h2>\n\n\n\n<p>Ofrecemos servicio completo para grupos electr\u00f3genos en viviendas, barcos, industrias y explotaciones agrarias<\/p>\n<\/div>\n<\/div>\n<\/div>\n<\/div>\n\n\n\n<ul class=\"wp-block-list\">\n<li>Montaje e instalaci\u00f3n<\/li>\n\n\n\n<li>Reparaci\u00f3n de motores y alternadores<\/li>\n\n\n\n<li>Mantenimiento preventivo y correctivo<\/li>\n\n\n\n<li>Diagn\u00f3stico de fallos el\u00e9ctricos y mec\u00e1nicos<\/li>\n\n\n\n<li>Automatizaci\u00f3n y cuadros de conmutaci\u00f3n<\/li>\n<\/ul>\n\n\n\n<blockquote class=\"wp-block-quote is-layout-flow wp-block-quote-is-layout-flow\">\n<p>Trabajamos con grupos electr\u00f3genos de distintas potencias, marcas y antig\u00fcedades.<\/p>\n<\/blockquote>\n","protected":false},"excerpt":{"rendered":"<p>Instalaci\u00f3n, Reparaci\u00f3n y Mantenimiento Ofrecemos servicio completo para grupos electr\u00f3genos en viviendas, barcos, industrias y explotaciones agrarias Trabajamos con grupos electr\u00f3genos de distintas potencias, marcas y antig\u00fcedades.<\/p>\n","protected":false},"author":1,"featured_media":0,"parent":0,"menu_order":3,"comment_status":"closed","ping_status":"closed","template":"","meta":{"footnotes":""},"class_list":["post-204","page","type-page","status-publish","hentry"],"_links":{"self":[{"href":"https:\/\/navitec-canarias.com\/index.php?rest_route=\/wp\/v2\/pages\/204","targetHints":{"allow":["GET"]}}],"collection":[{"href":"https:\/\/navitec-canarias.com\/index.php?rest_route=\/wp\/v2\/pages"}],"about":[{"href":"https:\/\/navitec-canarias.com\/index.php?rest_route=\/wp\/v2\/types\/page"}],"author":[{"embeddable":true,"href":"https:\/\/navitec-canarias.com\/index.php?rest_route=\/wp\/v2\/users\/1"}],"replies":[{"embeddable":true,"href":"https:\/\/navitec-canarias.com\/index.php?rest_route=%2Fwp%2Fv2%2Fcomments&post=204"}],"version-history":[{"count":4,"href":"https:\/\/navitec-canarias.com\/index.php?rest_route=\/wp\/v2\/pages\/204\/revisions"}],"predecessor-version":[{"id":238,"href":"https:\/\/navitec-canarias.com\/index.php?rest_route=\/wp\/v2\/pages\/204\/revisions\/238"}],"wp:attachment":[{"href":"https:\/\/navitec-canarias.com\/index.php?rest_route=%2Fwp%2Fv2%2Fmedia&parent=204"}],"curies":[{"name":"wp","href":"https:\/\/api.w.org\/{rel}","templated":true}]}}