{"id":198,"date":"2026-01-02T13:11:44","date_gmt":"2026-01-02T13:11:44","guid":{"rendered":"https:\/\/navitec-canarias.com\/?page_id=198"},"modified":"2026-02-26T14:51:10","modified_gmt":"2026-02-26T14:51:10","slug":"mecanica-industrial-y-agraria","status":"publish","type":"page","link":"https:\/\/navitec-canarias.com\/?page_id=198","title":{"rendered":"Mec\u00e1nica industrial y agraria"},"content":{"rendered":"\n<div class=\"wp-block-group alignfull is-style-default has-global-padding is-layout-constrained wp-container-core-group-is-layout-cdf985e3 wp-block-group-is-layout-constrained\" style=\"min-height:100vh;margin-top:0;margin-bottom:0;padding-top:var(--wp--preset--spacing--80);padding-right:var(--wp--preset--spacing--80);padding-bottom:var(--wp--preset--spacing--80);padding-left:var(--wp--preset--spacing--80)\">\n<div class=\"wp-block-columns alignwide are-vertically-aligned-center is-layout-flex wp-container-core-columns-is-layout-643ced6b wp-block-columns-is-layout-flex\">\n<div class=\"wp-block-column is-vertically-aligned-center is-layout-flow wp-block-column-is-layout-flow\">\n<div class=\"wp-block-cover aligncenter is-light\"><img loading=\"lazy\" decoding=\"async\" width=\"1024\" height=\"768\" class=\"wp-block-cover__image-background wp-image-199 size-large\" alt=\"\" src=\"https:\/\/navitec-canarias.com\/wp-content\/uploads\/2026\/01\/MAQUINARIA-AGRICOLA-1024x768.jpg\" data-object-fit=\"cover\" srcset=\"https:\/\/navitec-canarias.com\/wp-content\/uploads\/2026\/01\/MAQUINARIA-AGRICOLA-1024x768.jpg 1024w, https:\/\/navitec-canarias.com\/wp-content\/uploads\/2026\/01\/MAQUINARIA-AGRICOLA-300x225.jpg 300w, https:\/\/navitec-canarias.com\/wp-content\/uploads\/2026\/01\/MAQUINARIA-AGRICOLA-768x576.jpg 768w, https:\/\/navitec-canarias.com\/wp-content\/uploads\/2026\/01\/MAQUINARIA-AGRICOLA-1536x1152.jpg 1536w, https:\/\/navitec-canarias.com\/wp-content\/uploads\/2026\/01\/MAQUINARIA-AGRICOLA-2048x1536.jpg 2048w\" sizes=\"auto, (max-width: 1024px) 100vw, 1024px\" \/><span aria-hidden=\"true\" class=\"wp-block-cover__background has-background-dim\" style=\"background-color:#8b8e94\"><\/span><div class=\"wp-block-cover__inner-container is-layout-flow wp-block-cover-is-layout-flow\">\n<p class=\"has-text-align-center has-large-font-size\"><\/p>\n<\/div><\/div>\n<\/div>\n\n\n\n<div class=\"wp-block-column is-vertically-aligned-center is-layout-flow wp-block-column-is-layout-flow\">\n<div class=\"wp-block-group is-vertical is-content-justification-stretch is-layout-flex wp-container-core-group-is-layout-353c4f5a wp-block-group-is-layout-flex\">\n<h2 class=\"wp-block-heading has-text-align-left\">Reparaci\u00f3n y Mantenimiento Profesional<\/h2>\n\n\n\n<p>En Navitec Canarias realizamos mantenimiento y reparaci\u00f3n de\u00a0<strong>maquinaria industrial, agr\u00edcola y sistemas mec\u00e1nicos de todo tipo<\/strong>, con soluciones t\u00e9cnicas para equipos actuales y descatalogados.<\/p>\n\n\n\n<ul class=\"wp-block-list\">\n<li>Reparaci\u00f3n de maquinaria agr\u00edcola<\/li>\n\n\n\n<li>Reparaci\u00f3n de maquinaria industrial<\/li>\n\n\n\n<li>Sustituci\u00f3n de piezas y elementos mec\u00e1nicos<\/li>\n\n\n\n<li>Diagnosis y correcci\u00f3n de fallos<\/li>\n\n\n\n<li>Mantenimiento preventivo programado<\/li>\n\n\n\n<li>Puesta en marcha y ajustes de equipos<\/li>\n<\/ul>\n<\/div>\n<\/div>\n<\/div>\n<\/div>\n\n\n\n<blockquote class=\"wp-block-quote is-layout-flow wp-block-quote-is-layout-flow\">\n<p>La experiencia nos permite recuperar equipos fuera de cat\u00e1logo o sin soporte t\u00e9cnico, evitando costosos reemplazos.<\/p>\n<\/blockquote>\n","protected":false},"excerpt":{"rendered":"<p>Reparaci\u00f3n y Mantenimiento Profesional En Navitec Canarias realizamos mantenimiento y reparaci\u00f3n de\u00a0maquinaria industrial, agr\u00edcola y sistemas mec\u00e1nicos de todo tipo, con soluciones t\u00e9cnicas para equipos actuales y descatalogados. La experiencia nos permite recuperar equipos fuera de cat\u00e1logo o sin soporte t\u00e9cnico, evitando costosos reemplazos.<\/p>\n","protected":false},"author":1,"featured_media":0,"parent":0,"menu_order":2,"comment_status":"closed","ping_status":"closed","template":"","meta":{"footnotes":""},"class_list":["post-198","page","type-page","status-publish","hentry"],"_links":{"self":[{"href":"https:\/\/navitec-canarias.com\/index.php?rest_route=\/wp\/v2\/pages\/198","targetHints":{"allow":["GET"]}}],"collection":[{"href":"https:\/\/navitec-canarias.com\/index.php?rest_route=\/wp\/v2\/pages"}],"about":[{"href":"https:\/\/navitec-canarias.com\/index.php?rest_route=\/wp\/v2\/types\/page"}],"author":[{"embeddable":true,"href":"https:\/\/navitec-canarias.com\/index.php?rest_route=\/wp\/v2\/users\/1"}],"replies":[{"embeddable":true,"href":"https:\/\/navitec-canarias.com\/index.php?rest_route=%2Fwp%2Fv2%2Fcomments&post=198"}],"version-history":[{"count":2,"href":"https:\/\/navitec-canarias.com\/index.php?rest_route=\/wp\/v2\/pages\/198\/revisions"}],"predecessor-version":[{"id":240,"href":"https:\/\/navitec-canarias.com\/index.php?rest_route=\/wp\/v2\/pages\/198\/revisions\/240"}],"wp:attachment":[{"href":"https:\/\/navitec-canarias.com\/index.php?rest_route=%2Fwp%2Fv2%2Fmedia&parent=198"}],"curies":[{"name":"wp","href":"https:\/\/api.w.org\/{rel}","templated":true}]}}