{"id":194,"date":"2026-01-02T12:41:41","date_gmt":"2026-01-02T12:41:41","guid":{"rendered":"https:\/\/navitec-canarias.com\/?page_id=194"},"modified":"2026-02-26T14:51:00","modified_gmt":"2026-02-26T14:51:00","slug":"mecanica-naval","status":"publish","type":"page","link":"https:\/\/navitec-canarias.com\/?page_id=194","title":{"rendered":"Mec\u00e1nica naval"},"content":{"rendered":"\n<div class=\"wp-block-group alignfull is-style-default has-global-padding is-layout-constrained wp-container-core-group-is-layout-cdf985e3 wp-block-group-is-layout-constrained\" style=\"min-height:100vh;margin-top:0;margin-bottom:0;padding-top:var(--wp--preset--spacing--80);padding-right:var(--wp--preset--spacing--80);padding-bottom:var(--wp--preset--spacing--80);padding-left:var(--wp--preset--spacing--80)\">\n<div class=\"wp-block-columns alignwide are-vertically-aligned-center is-layout-flex wp-container-core-columns-is-layout-643ced6b wp-block-columns-is-layout-flex\">\n<div class=\"wp-block-column is-vertically-aligned-center is-layout-flow wp-block-column-is-layout-flow\">\n<div class=\"wp-block-cover aligncenter\"><span aria-hidden=\"true\" class=\"wp-block-cover__background has-background-dim\"><\/span><div class=\"wp-block-cover__inner-container is-layout-flow wp-block-cover-is-layout-flow\">\n<p class=\"has-text-align-center has-large-font-size\"><\/p>\n\n\n\n<figure class=\"wp-block-image size-large\"><img loading=\"lazy\" decoding=\"async\" width=\"768\" height=\"1024\" src=\"https:\/\/navitec-canarias.com\/wp-content\/uploads\/2026\/01\/IMG-20251227-WA0001-768x1024.jpg\" alt=\"\" class=\"wp-image-220\" srcset=\"https:\/\/navitec-canarias.com\/wp-content\/uploads\/2026\/01\/IMG-20251227-WA0001-768x1024.jpg 768w, https:\/\/navitec-canarias.com\/wp-content\/uploads\/2026\/01\/IMG-20251227-WA0001-225x300.jpg 225w, https:\/\/navitec-canarias.com\/wp-content\/uploads\/2026\/01\/IMG-20251227-WA0001-1152x1536.jpg 1152w, https:\/\/navitec-canarias.com\/wp-content\/uploads\/2026\/01\/IMG-20251227-WA0001.jpg 1530w\" sizes=\"auto, (max-width: 768px) 100vw, 768px\" \/><\/figure>\n<\/div><\/div>\n<\/div>\n\n\n\n<div class=\"wp-block-column is-vertically-aligned-center is-layout-flow wp-block-column-is-layout-flow\">\n<div class=\"wp-block-group is-vertical is-content-justification-stretch is-layout-flex wp-container-core-group-is-layout-353c4f5a wp-block-group-is-layout-flex\">\n<h2 class=\"wp-block-heading has-text-align-left\">Reparaci\u00f3n y Mantenimiento de Motores Marinos<\/h2>\n\n\n\n<p>Somos expertos en&nbsp;<strong>mec\u00e1nica naval<\/strong>, ofreciendo reparaci\u00f3n, mantenimiento y puesta a punto de motores marinos para embarcaciones recreativas, pesqueras, deportivas y profesionales.<\/p>\n<\/div>\n<\/div>\n<\/div>\n<\/div>\n\n\n\n<h2 class=\"wp-block-heading\">Servicios de Mec\u00e1nica Naval<\/h2>\n\n\n\n<ul class=\"wp-block-list\">\n<li>Mantenimiento preventivo y correctivo<\/li>\n\n\n\n<li>Reparaci\u00f3n integral de motores marinos diesel<\/li>\n\n\n\n<li>Reparaci\u00f3n de motores descatalogados<\/li>\n\n\n\n<li>Diagn\u00f3stico profesional y resoluci\u00f3n de aver\u00edas<\/li>\n\n\n\n<li>Ajustes, alineaciones y calibraciones<\/li>\n\n\n\n<li>Limpieza y revisi\u00f3n de sistemas auxiliares<\/li>\n\n\n\n<li>Puesta a punto previa a inspecciones y salidas a mar<\/li>\n<\/ul>\n\n\n\n<blockquote class=\"wp-block-quote is-layout-flow wp-block-quote-is-layout-flow\">\n<p class=\"is-style-default has-contrast-color has-base-background-color has-text-color has-background has-link-color wp-elements-50bc68daca3b55b5ced5d3eb3fd63f7a\">Cada trabajo se realiza con los m\u00e1s altos est\u00e1ndares para garantizar fiabilidad y tranquilidad en navegaci\u00f3n.<\/p>\n<\/blockquote>\n","protected":false},"excerpt":{"rendered":"<p>Reparaci\u00f3n y Mantenimiento de Motores Marinos Somos expertos en&nbsp;mec\u00e1nica naval, ofreciendo reparaci\u00f3n, mantenimiento y puesta a punto de motores marinos para embarcaciones recreativas, pesqueras, deportivas y profesionales. Servicios de Mec\u00e1nica Naval Cada trabajo se realiza con los m\u00e1s altos est\u00e1ndares para garantizar fiabilidad y tranquilidad en navegaci\u00f3n.<\/p>\n","protected":false},"author":1,"featured_media":0,"parent":0,"menu_order":1,"comment_status":"closed","ping_status":"closed","template":"","meta":{"footnotes":""},"class_list":["post-194","page","type-page","status-publish","hentry"],"_links":{"self":[{"href":"https:\/\/navitec-canarias.com\/index.php?rest_route=\/wp\/v2\/pages\/194","targetHints":{"allow":["GET"]}}],"collection":[{"href":"https:\/\/navitec-canarias.com\/index.php?rest_route=\/wp\/v2\/pages"}],"about":[{"href":"https:\/\/navitec-canarias.com\/index.php?rest_route=\/wp\/v2\/types\/page"}],"author":[{"embeddable":true,"href":"https:\/\/navitec-canarias.com\/index.php?rest_route=\/wp\/v2\/users\/1"}],"replies":[{"embeddable":true,"href":"https:\/\/navitec-canarias.com\/index.php?rest_route=%2Fwp%2Fv2%2Fcomments&post=194"}],"version-history":[{"count":3,"href":"https:\/\/navitec-canarias.com\/index.php?rest_route=\/wp\/v2\/pages\/194\/revisions"}],"predecessor-version":[{"id":241,"href":"https:\/\/navitec-canarias.com\/index.php?rest_route=\/wp\/v2\/pages\/194\/revisions\/241"}],"wp:attachment":[{"href":"https:\/\/navitec-canarias.com\/index.php?rest_route=%2Fwp%2Fv2%2Fmedia&parent=194"}],"curies":[{"name":"wp","href":"https:\/\/api.w.org\/{rel}","templated":true}]}}